{"id":2,"date":"2025-01-15T10:43:40","date_gmt":"2025-01-15T10:43:40","guid":{"rendered":"https:\/\/ingegamez.isc-vs.ch\/?page_id=2"},"modified":"2025-02-25T16:24:01","modified_gmt":"2025-02-25T16:24:01","slug":"sample-page","status":"publish","type":"page","link":"https:\/\/ingegamez.isc-vs.ch\/index.php\/sample-page\/","title":{"rendered":"Contact"},"content":{"rendered":"\n<div class=\"wp-block-group is-layout-grid wp-container-core-group-is-layout-b757edec wp-block-group-is-layout-grid\">\n<p class=\"has-text-align-left\">Nous nous trouvons \u00e0 la Haute Ecole d&#8217;Ing\u00e9nieurie Valais\/Wallis \u00e0 Sion, <br>Rue de l&#8217;Industrie 21.<\/p>\n\n\n\n<p>Vous pouvez nous retrouver les jeudis d\u00e8s 16h30 \u00e0 la Students Room ou en 21N305.<\/p>\n\n\n\n<div class=\"wp-block-group is-style-default is-content-justification-center is-layout-constrained wp-block-group-is-layout-constrained\"><\/div>\n<\/div>\n\n\n\n<div class=\"wp-block-group is-nowrap is-layout-flex wp-container-core-group-is-layout-6c531013 wp-block-group-is-layout-flex\">\n<p>En dehors de ces moment-l\u00e0, vous pouvez nous contacter via nos r\u00e9seaux officiels:<\/p>\n\n\n\n<ul class=\"wp-block-list\">\n<li><a href=\"mailto:ingegamez@hevs.ch\">ingegamez@hevs.ch<\/a><\/li>\n\n\n\n<li><a href=\"https:\/\/discord.gg\/w8vhTMwgUW\">Discord<\/a><\/li>\n\n\n\n<li><a href=\"https:\/\/chat.whatsapp.com\/C00MXZiPS6vIRJ9lZyJNXm\">Whatsapp<\/a><\/li>\n\n\n\n<li><a href=\"https:\/\/www.instagram.com\/ingegamez\/\">Instagram<\/a><\/li>\n<\/ul>\n<\/div>\n\n\n\n<p><\/p>\n","protected":false},"excerpt":{"rendered":"<p>Nous nous trouvons \u00e0 la Haute Ecole d&#8217;Ing\u00e9nieurie Valais\/Wallis \u00e0 Sion, Rue de l&#8217;Industrie 21. Vous pouvez nous retrouver les jeudis d\u00e8s 16h30 \u00e0 la Students Room ou en 21N305. En dehors de ces moment-l\u00e0, vous pouvez nous contacter via nos r\u00e9seaux officiels:<\/p>\n","protected":false},"author":2,"featured_media":0,"parent":0,"menu_order":0,"comment_status":"closed","ping_status":"closed","template":"","meta":{"_acf_changed":false,"footnotes":""},"class_list":["post-2","page","type-page","status-publish","hentry"],"acf":[],"yoast_head":"<!-- This site is optimized with the Yoast SEO plugin v27.2 - https:\/\/yoast.com\/product\/yoast-seo-wordpress\/ -->\n<title>Contact - Ing\u00e9GamEZ<\/title>\n<meta name=\"description\" content=\"contacts, HES, HEI, HES-SO Valais\/Wallis, Sion, \u00e9tudiants, associations, heures, lieux, soir\u00e9e, r\u00e9seaux, instagram, discord, whatsapp\" \/>\n<meta name=\"robots\" content=\"index, follow, max-snippet:-1, max-image-preview:large, max-video-preview:-1\" \/>\n<link rel=\"canonical\" href=\"https:\/\/ingegamez.isc-vs.ch\/index.php\/sample-page\/\" \/>\n<meta property=\"og:locale\" content=\"en_US\" \/>\n<meta property=\"og:type\" content=\"article\" \/>\n<meta property=\"og:title\" content=\"Contact - Ing\u00e9GamEZ\" \/>\n<meta property=\"og:description\" content=\"contacts, HES, HEI, HES-SO Valais\/Wallis, Sion, \u00e9tudiants, associations, heures, lieux, soir\u00e9e, r\u00e9seaux, instagram, discord, whatsapp\" \/>\n<meta property=\"og:url\" content=\"https:\/\/ingegamez.isc-vs.ch\/index.php\/sample-page\/\" \/>\n<meta property=\"og:site_name\" content=\"Ing\u00e9GamEZ\" \/>\n<meta property=\"article:modified_time\" content=\"2025-02-25T16:24:01+00:00\" \/>\n<meta name=\"twitter:card\" content=\"summary_large_image\" \/>\n<meta name=\"twitter:label1\" content=\"Est. reading time\" \/>\n\t<meta name=\"twitter:data1\" content=\"1 minute\" \/>\n<script type=\"application\/ld+json\" class=\"yoast-schema-graph\">{\"@context\":\"https:\/\/schema.org\",\"@graph\":[{\"@type\":\"WebPage\",\"@id\":\"https:\/\/ingegamez.isc-vs.ch\/index.php\/sample-page\/\",\"url\":\"https:\/\/ingegamez.isc-vs.ch\/index.php\/sample-page\/\",\"name\":\"Contact - Ing\u00e9GamEZ\",\"isPartOf\":{\"@id\":\"https:\/\/ingegamez.isc-vs.ch\/#website\"},\"datePublished\":\"2025-01-15T10:43:40+00:00\",\"dateModified\":\"2025-02-25T16:24:01+00:00\",\"description\":\"contacts, HES, HEI, HES-SO Valais\/Wallis, Sion, \u00e9tudiants, associations, heures, lieux, soir\u00e9e, r\u00e9seaux, instagram, discord, whatsapp\",\"breadcrumb\":{\"@id\":\"https:\/\/ingegamez.isc-vs.ch\/index.php\/sample-page\/#breadcrumb\"},\"inLanguage\":\"en-US\",\"potentialAction\":[{\"@type\":\"ReadAction\",\"target\":[\"https:\/\/ingegamez.isc-vs.ch\/index.php\/sample-page\/\"]}]},{\"@type\":\"BreadcrumbList\",\"@id\":\"https:\/\/ingegamez.isc-vs.ch\/index.php\/sample-page\/#breadcrumb\",\"itemListElement\":[{\"@type\":\"ListItem\",\"position\":1,\"name\":\"Home\",\"item\":\"https:\/\/ingegamez.isc-vs.ch\/\"},{\"@type\":\"ListItem\",\"position\":2,\"name\":\"Contact\"}]},{\"@type\":\"WebSite\",\"@id\":\"https:\/\/ingegamez.isc-vs.ch\/#website\",\"url\":\"https:\/\/ingegamez.isc-vs.ch\/\",\"name\":\"Ing\u00e9GamEZ\",\"description\":\"\",\"publisher\":{\"@id\":\"https:\/\/ingegamez.isc-vs.ch\/#organization\"},\"potentialAction\":[{\"@type\":\"SearchAction\",\"target\":{\"@type\":\"EntryPoint\",\"urlTemplate\":\"https:\/\/ingegamez.isc-vs.ch\/?s={search_term_string}\"},\"query-input\":{\"@type\":\"PropertyValueSpecification\",\"valueRequired\":true,\"valueName\":\"search_term_string\"}}],\"inLanguage\":\"en-US\"},{\"@type\":\"Organization\",\"@id\":\"https:\/\/ingegamez.isc-vs.ch\/#organization\",\"name\":\"Ing\u00e9GamEZ\",\"url\":\"https:\/\/ingegamez.isc-vs.ch\/\",\"logo\":{\"@type\":\"ImageObject\",\"inLanguage\":\"en-US\",\"@id\":\"https:\/\/ingegamez.isc-vs.ch\/#\/schema\/logo\/image\/\",\"url\":\"https:\/\/ingegamez.isc-vs.ch\/wp-content\/uploads\/2025\/02\/cropped-IngeDie-WithoutBorder.png\",\"contentUrl\":\"https:\/\/ingegamez.isc-vs.ch\/wp-content\/uploads\/2025\/02\/cropped-IngeDie-WithoutBorder.png\",\"width\":512,\"height\":512,\"caption\":\"Ing\u00e9GamEZ\"},\"image\":{\"@id\":\"https:\/\/ingegamez.isc-vs.ch\/#\/schema\/logo\/image\/\"},\"sameAs\":[\"https:\/\/www.instagram.com\/ingegamez\/\",\"https:\/\/chat.whatsapp.com\/C00MXZiPS6vIRJ9lZyJNXm\",\"https:\/\/discord.gg\/w8vhTMwgUW\"]}]}<\/script>\n<!-- \/ Yoast SEO plugin. -->","yoast_head_json":{"title":"Contact - Ing\u00e9GamEZ","description":"contacts, HES, HEI, HES-SO Valais\/Wallis, Sion, \u00e9tudiants, associations, heures, lieux, soir\u00e9e, r\u00e9seaux, instagram, discord, whatsapp","robots":{"index":"index","follow":"follow","max-snippet":"max-snippet:-1","max-image-preview":"max-image-preview:large","max-video-preview":"max-video-preview:-1"},"canonical":"https:\/\/ingegamez.isc-vs.ch\/index.php\/sample-page\/","og_locale":"en_US","og_type":"article","og_title":"Contact - Ing\u00e9GamEZ","og_description":"contacts, HES, HEI, HES-SO Valais\/Wallis, Sion, \u00e9tudiants, associations, heures, lieux, soir\u00e9e, r\u00e9seaux, instagram, discord, whatsapp","og_url":"https:\/\/ingegamez.isc-vs.ch\/index.php\/sample-page\/","og_site_name":"Ing\u00e9GamEZ","article_modified_time":"2025-02-25T16:24:01+00:00","twitter_card":"summary_large_image","twitter_misc":{"Est. reading time":"1 minute"},"schema":{"@context":"https:\/\/schema.org","@graph":[{"@type":"WebPage","@id":"https:\/\/ingegamez.isc-vs.ch\/index.php\/sample-page\/","url":"https:\/\/ingegamez.isc-vs.ch\/index.php\/sample-page\/","name":"Contact - Ing\u00e9GamEZ","isPartOf":{"@id":"https:\/\/ingegamez.isc-vs.ch\/#website"},"datePublished":"2025-01-15T10:43:40+00:00","dateModified":"2025-02-25T16:24:01+00:00","description":"contacts, HES, HEI, HES-SO Valais\/Wallis, Sion, \u00e9tudiants, associations, heures, lieux, soir\u00e9e, r\u00e9seaux, instagram, discord, whatsapp","breadcrumb":{"@id":"https:\/\/ingegamez.isc-vs.ch\/index.php\/sample-page\/#breadcrumb"},"inLanguage":"en-US","potentialAction":[{"@type":"ReadAction","target":["https:\/\/ingegamez.isc-vs.ch\/index.php\/sample-page\/"]}]},{"@type":"BreadcrumbList","@id":"https:\/\/ingegamez.isc-vs.ch\/index.php\/sample-page\/#breadcrumb","itemListElement":[{"@type":"ListItem","position":1,"name":"Home","item":"https:\/\/ingegamez.isc-vs.ch\/"},{"@type":"ListItem","position":2,"name":"Contact"}]},{"@type":"WebSite","@id":"https:\/\/ingegamez.isc-vs.ch\/#website","url":"https:\/\/ingegamez.isc-vs.ch\/","name":"Ing\u00e9GamEZ","description":"","publisher":{"@id":"https:\/\/ingegamez.isc-vs.ch\/#organization"},"potentialAction":[{"@type":"SearchAction","target":{"@type":"EntryPoint","urlTemplate":"https:\/\/ingegamez.isc-vs.ch\/?s={search_term_string}"},"query-input":{"@type":"PropertyValueSpecification","valueRequired":true,"valueName":"search_term_string"}}],"inLanguage":"en-US"},{"@type":"Organization","@id":"https:\/\/ingegamez.isc-vs.ch\/#organization","name":"Ing\u00e9GamEZ","url":"https:\/\/ingegamez.isc-vs.ch\/","logo":{"@type":"ImageObject","inLanguage":"en-US","@id":"https:\/\/ingegamez.isc-vs.ch\/#\/schema\/logo\/image\/","url":"https:\/\/ingegamez.isc-vs.ch\/wp-content\/uploads\/2025\/02\/cropped-IngeDie-WithoutBorder.png","contentUrl":"https:\/\/ingegamez.isc-vs.ch\/wp-content\/uploads\/2025\/02\/cropped-IngeDie-WithoutBorder.png","width":512,"height":512,"caption":"Ing\u00e9GamEZ"},"image":{"@id":"https:\/\/ingegamez.isc-vs.ch\/#\/schema\/logo\/image\/"},"sameAs":["https:\/\/www.instagram.com\/ingegamez\/","https:\/\/chat.whatsapp.com\/C00MXZiPS6vIRJ9lZyJNXm","https:\/\/discord.gg\/w8vhTMwgUW"]}]}},"_links":{"self":[{"href":"https:\/\/ingegamez.isc-vs.ch\/index.php\/wp-json\/wp\/v2\/pages\/2","targetHints":{"allow":["GET"]}}],"collection":[{"href":"https:\/\/ingegamez.isc-vs.ch\/index.php\/wp-json\/wp\/v2\/pages"}],"about":[{"href":"https:\/\/ingegamez.isc-vs.ch\/index.php\/wp-json\/wp\/v2\/types\/page"}],"author":[{"embeddable":true,"href":"https:\/\/ingegamez.isc-vs.ch\/index.php\/wp-json\/wp\/v2\/users\/2"}],"replies":[{"embeddable":true,"href":"https:\/\/ingegamez.isc-vs.ch\/index.php\/wp-json\/wp\/v2\/comments?post=2"}],"version-history":[{"count":13,"href":"https:\/\/ingegamez.isc-vs.ch\/index.php\/wp-json\/wp\/v2\/pages\/2\/revisions"}],"predecessor-version":[{"id":213,"href":"https:\/\/ingegamez.isc-vs.ch\/index.php\/wp-json\/wp\/v2\/pages\/2\/revisions\/213"}],"wp:attachment":[{"href":"https:\/\/ingegamez.isc-vs.ch\/index.php\/wp-json\/wp\/v2\/media?parent=2"}],"curies":[{"name":"wp","href":"https:\/\/api.w.org\/{rel}","templated":true}]}}