{"id":339,"date":"2025-09-18T16:30:00","date_gmt":"2025-09-18T16:30:00","guid":{"rendered":"https:\/\/ingegamez.isc-vs.ch\/?page_id=339"},"modified":"2025-12-09T14:35:38","modified_gmt":"2025-12-09T14:35:38","slug":"pixel-lan-2025","status":"publish","type":"page","link":"https:\/\/ingegamez.isc-vs.ch\/index.php\/pixel-lan-2025\/","title":{"rendered":"Pixel Lan 2025"},"content":{"rendered":"\n<figure class=\"wp-block-image size-large\"><img loading=\"lazy\" decoding=\"async\" width=\"1024\" height=\"683\" src=\"https:\/\/ingegamez.isc-vs.ch\/wp-content\/uploads\/2025\/09\/Banniere_V4-1024x683.jpg\" alt=\"\" class=\"wp-image-362\" srcset=\"https:\/\/ingegamez.isc-vs.ch\/wp-content\/uploads\/2025\/09\/Banniere_V4-1024x683.jpg 1024w, https:\/\/ingegamez.isc-vs.ch\/wp-content\/uploads\/2025\/09\/Banniere_V4-300x200.jpg 300w, https:\/\/ingegamez.isc-vs.ch\/wp-content\/uploads\/2025\/09\/Banniere_V4-768x512.jpg 768w, https:\/\/ingegamez.isc-vs.ch\/wp-content\/uploads\/2025\/09\/Banniere_V4.jpg 1536w\" sizes=\"auto, (max-width: 1024px) 100vw, 1024px\" \/><\/figure>\n\n\n\n<p class=\"has-text-align-left\">La Pixel Lan se tiendra du 25 octobre au 26 octobre 2025 \u00e0 La Ruche. Le nombre de participants est limit\u00e9 \u00e0 50 personnes. Tous les membres devront amener leur propre setup gaming pour le week-end.<\/p>\n\n\n\n<p>Pour l&#8217;occasion, nous avons ouvert un serveur discord temporaire! Vous trouverez le lien pour rejoindre plus bas.<\/p>\n\n\n\n<p class=\"has-text-align-center has-large-font-size\"><strong>Tournoi<\/strong><\/p>\n\n\n\n<p>Nous aurons un tournoi orgnais\u00e9 en parall\u00e8le durant la journ\u00e9e du samedi. Il ne sera pas individuel mais en groupe de 5. Si vous voulez participer mais ne poss\u00e8dait pas de groupe, nous en cr\u00e9eront un le jour m\u00eame si cela est possible.<br>C&#8217;est un tournoi <strong>multigaming<\/strong>, en vous inscrivant, vous vous inscrivez \u00e0 tous les jeux!<\/p>\n\n\n\n<ul class=\"wp-block-list\">\n<li>Minecraft<\/li>\n\n\n\n<li>Overwatch<\/li>\n\n\n\n<li>Valorant<\/li>\n\n\n\n<li>League of Legends<\/li>\n<\/ul>\n\n\n\n<p class=\"has-text-align-center has-large-font-size\"><strong>Inscription<\/strong><\/p>\n\n\n\n<ul class=\"wp-block-list\">\n<li>Frais de participation : <strong><em>20.- CHF<\/em><\/strong>\n<ul class=\"wp-block-list\">\n<li>Twint<\/li>\n\n\n\n<li>Liquide<\/li>\n<\/ul>\n<\/li>\n<\/ul>\n\n\n\n<p class=\"has-text-align-center has-large-font-size\"><strong>D\u00e9roulement<\/strong><\/p>\n\n\n\n<p>(Planning non-d\u00e9finitif)<\/p>\n\n\n\n<p><em>Samedi 25 octobre<\/em><\/p>\n\n\n\n<ul class=\"wp-block-list\">\n<li>08h00 \u2013 09h00 : Accueil et installation des setups<\/li>\n\n\n\n<li>09h00 \u2013 09h30 : Mot d\u2019ouverture et lancement du tournoi<\/li>\n\n\n\n<li>Journ\u00e9e : LAN libre et tournoi en parall\u00e8le<\/li>\n\n\n\n<li>19h30 &#8211; 20h00 : Soir\u00e9e pizza (offerte) et quiz<\/li>\n\n\n\n<li>20h30 : R\u00e9sultats du tournoi<\/li>\n<\/ul>\n\n\n\n<p><em>Dimanche 26 octobre<\/em><\/p>\n\n\n\n<ul class=\"wp-block-list\">\n<li>09h00 : Petit-d\u00e9jeuner (offert)<\/li>\n\n\n\n<li>Matin: LAN libre<\/li>\n\n\n\n<li>12h00 \u2013 12h30 : Pause sandwich (informations dans le formulaire d\u2019inscription)<\/li>\n\n\n\n<li>Apr\u00e8s-midi : LAN libre<\/li>\n\n\n\n<li>18h00 : Cl\u00f4ture de la Pixel Lan<\/li>\n<\/ul>\n\n\n\n<p>Mis \u00e0 disposition : <\/p>\n\n\n\n<ul class=\"wp-block-list\">\n<li>Boissons fraiche<\/li>\n\n\n\n<li>Frigo<\/li>\n\n\n\n<li>Caf\u00e9 gratuit avec quelques snacks<\/li>\n\n\n\n<li>Student Room<\/li>\n<\/ul>\n\n\n\n<p>\u26a0\ufe0f Les sacs de couchages ne sont pas fourni ! \u26a0\ufe0f<\/p>\n\n\n\n<p>Nos r\u00e9seaux, si tu veux plus d&#8217;informations : <\/p>\n\n\n\n<div class=\"wp-block-buttons is-content-justification-center is-layout-flex wp-container-core-buttons-is-layout-a89b3969 wp-block-buttons-is-layout-flex\">\n<div class=\"wp-block-button\"><a class=\"wp-block-button__link wp-element-button\" href=\"https:\/\/discord.gg\/2esfPqQYrx\" style=\"padding-right:1.85rem;padding-left:1.85rem\" target=\"_blank\" rel=\"noreferrer noopener\">Discord (Pixel Lan)<\/a><\/div>\n\n\n\n<div class=\"wp-block-button\"><a class=\"wp-block-button__link wp-element-button\" href=\"https:\/\/chat.whatsapp.com\/C00MXZiPS6vIRJ9lZyJNXm\" style=\"border-style:none;border-width:0px\" target=\"_blank\" rel=\"noreferrer noopener\">Whatsapp<\/a><\/div>\n\n\n\n<div class=\"wp-block-button\"><a class=\"wp-block-button__link wp-element-button\" href=\"https:\/\/www.instagram.com\/ingegamez\/\" target=\"_blank\" rel=\"noreferrer noopener\">Instagram<\/a><\/div>\n<\/div>\n\n\n\n<p>Tu peux aussi nous envoyer un mail \u00e0 l&#8217;adresse suivante :<\/p>\n\n\n\n<p class=\"has-text-align-center has-secondary-color has-text-color has-link-color wp-elements-71349b47af73c1b084bcea2add2a62c7\"><a href=\"mailto:ingegamezvs@gmail.com\">ingegamez@hevs.com<\/a><\/p>\n\n\n\n<h2 class=\"wp-block-heading has-foreground-alt-color has-text-color has-link-color wp-elements-4d8c39293f8d0ae651b75be1278263f4\">Retrouvez les photos de l\u2019\u00e9v\u00e9nement dans la\u00a0<a href=\"https:\/\/ingegamez.isc-vs.ch\/index.php\/galerie\/\">galerie<\/a>!<\/h2>\n","protected":false},"excerpt":{"rendered":"<p>La Pixel Lan se tiendra du 25 octobre au 26 octobre 2025 \u00e0 La Ruche. Le nombre de participants est limit\u00e9 \u00e0 50 personnes. Tous les membres devront amener leur propre setup gaming pour le week-end. Pour l&#8217;occasion, nous avons ouvert un serveur discord temporaire! Vous trouverez le lien pour rejoindre plus bas. Tournoi Nous&#8230;<\/p>\n","protected":false},"author":2,"featured_media":0,"parent":0,"menu_order":0,"comment_status":"closed","ping_status":"closed","template":"","meta":{"_acf_changed":false,"footnotes":""},"class_list":["post-339","page","type-page","status-publish","hentry"],"acf":[],"yoast_head":"<!-- This site is optimized with the Yoast SEO plugin v27.2 - https:\/\/yoast.com\/product\/yoast-seo-wordpress\/ -->\n<title>Pixel Lan 2025 - Ing\u00e9GamEZ<\/title>\n<meta name=\"description\" content=\"sion, hes, hei, ing\u00e9gamez, lan, week-end, tournoi jeux vid\u00e9os, octorbre, 25-26, d\u00e9but vacances, 50 participants\" \/>\n<meta name=\"robots\" content=\"index, follow, max-snippet:-1, max-image-preview:large, max-video-preview:-1\" \/>\n<link rel=\"canonical\" href=\"https:\/\/ingegamez.isc-vs.ch\/index.php\/pixel-lan-2025\/\" \/>\n<meta property=\"og:locale\" content=\"en_US\" \/>\n<meta property=\"og:type\" content=\"article\" \/>\n<meta property=\"og:title\" content=\"Pixel Lan 2025 - Ing\u00e9GamEZ\" \/>\n<meta property=\"og:description\" content=\"sion, hes, hei, ing\u00e9gamez, lan, week-end, tournoi jeux vid\u00e9os, octorbre, 25-26, d\u00e9but vacances, 50 participants\" \/>\n<meta property=\"og:url\" content=\"https:\/\/ingegamez.isc-vs.ch\/index.php\/pixel-lan-2025\/\" \/>\n<meta property=\"og:site_name\" content=\"Ing\u00e9GamEZ\" \/>\n<meta property=\"article:modified_time\" content=\"2025-12-09T14:35:38+00:00\" \/>\n<meta property=\"og:image\" content=\"https:\/\/ingegamez.isc-vs.ch\/wp-content\/uploads\/2025\/09\/Banniere_V4.jpg\" \/>\n\t<meta property=\"og:image:width\" content=\"1536\" \/>\n\t<meta property=\"og:image:height\" content=\"1024\" \/>\n\t<meta property=\"og:image:type\" content=\"image\/jpeg\" \/>\n<meta name=\"twitter:card\" content=\"summary_large_image\" \/>\n<meta name=\"twitter:label1\" content=\"Est. reading time\" \/>\n\t<meta name=\"twitter:data1\" content=\"2 minutes\" \/>\n<script type=\"application\/ld+json\" class=\"yoast-schema-graph\">{\"@context\":\"https:\/\/schema.org\",\"@graph\":[{\"@type\":\"WebPage\",\"@id\":\"https:\/\/ingegamez.isc-vs.ch\/index.php\/pixel-lan-2025\/\",\"url\":\"https:\/\/ingegamez.isc-vs.ch\/index.php\/pixel-lan-2025\/\",\"name\":\"Pixel Lan 2025 - Ing\u00e9GamEZ\",\"isPartOf\":{\"@id\":\"https:\/\/ingegamez.isc-vs.ch\/#website\"},\"primaryImageOfPage\":{\"@id\":\"https:\/\/ingegamez.isc-vs.ch\/index.php\/pixel-lan-2025\/#primaryimage\"},\"image\":{\"@id\":\"https:\/\/ingegamez.isc-vs.ch\/index.php\/pixel-lan-2025\/#primaryimage\"},\"thumbnailUrl\":\"https:\/\/ingegamez.isc-vs.ch\/wp-content\/uploads\/2025\/09\/Banniere_V4-1024x683.jpg\",\"datePublished\":\"2025-09-18T16:30:00+00:00\",\"dateModified\":\"2025-12-09T14:35:38+00:00\",\"description\":\"sion, hes, hei, ing\u00e9gamez, lan, week-end, tournoi jeux vid\u00e9os, octorbre, 25-26, d\u00e9but vacances, 50 participants\",\"breadcrumb\":{\"@id\":\"https:\/\/ingegamez.isc-vs.ch\/index.php\/pixel-lan-2025\/#breadcrumb\"},\"inLanguage\":\"en-US\",\"potentialAction\":[{\"@type\":\"ReadAction\",\"target\":[\"https:\/\/ingegamez.isc-vs.ch\/index.php\/pixel-lan-2025\/\"]}]},{\"@type\":\"ImageObject\",\"inLanguage\":\"en-US\",\"@id\":\"https:\/\/ingegamez.isc-vs.ch\/index.php\/pixel-lan-2025\/#primaryimage\",\"url\":\"https:\/\/ingegamez.isc-vs.ch\/wp-content\/uploads\/2025\/09\/Banniere_V4.jpg\",\"contentUrl\":\"https:\/\/ingegamez.isc-vs.ch\/wp-content\/uploads\/2025\/09\/Banniere_V4.jpg\",\"width\":1536,\"height\":1024,\"caption\":\"Banni\u00e8re annonce de la Pixel Lan\"},{\"@type\":\"BreadcrumbList\",\"@id\":\"https:\/\/ingegamez.isc-vs.ch\/index.php\/pixel-lan-2025\/#breadcrumb\",\"itemListElement\":[{\"@type\":\"ListItem\",\"position\":1,\"name\":\"Home\",\"item\":\"https:\/\/ingegamez.isc-vs.ch\/\"},{\"@type\":\"ListItem\",\"position\":2,\"name\":\"Pixel Lan 2025\"}]},{\"@type\":\"WebSite\",\"@id\":\"https:\/\/ingegamez.isc-vs.ch\/#website\",\"url\":\"https:\/\/ingegamez.isc-vs.ch\/\",\"name\":\"Ing\u00e9GamEZ\",\"description\":\"\",\"publisher\":{\"@id\":\"https:\/\/ingegamez.isc-vs.ch\/#organization\"},\"potentialAction\":[{\"@type\":\"SearchAction\",\"target\":{\"@type\":\"EntryPoint\",\"urlTemplate\":\"https:\/\/ingegamez.isc-vs.ch\/?s={search_term_string}\"},\"query-input\":{\"@type\":\"PropertyValueSpecification\",\"valueRequired\":true,\"valueName\":\"search_term_string\"}}],\"inLanguage\":\"en-US\"},{\"@type\":\"Organization\",\"@id\":\"https:\/\/ingegamez.isc-vs.ch\/#organization\",\"name\":\"Ing\u00e9GamEZ\",\"url\":\"https:\/\/ingegamez.isc-vs.ch\/\",\"logo\":{\"@type\":\"ImageObject\",\"inLanguage\":\"en-US\",\"@id\":\"https:\/\/ingegamez.isc-vs.ch\/#\/schema\/logo\/image\/\",\"url\":\"https:\/\/ingegamez.isc-vs.ch\/wp-content\/uploads\/2025\/02\/cropped-IngeDie-WithoutBorder.png\",\"contentUrl\":\"https:\/\/ingegamez.isc-vs.ch\/wp-content\/uploads\/2025\/02\/cropped-IngeDie-WithoutBorder.png\",\"width\":512,\"height\":512,\"caption\":\"Ing\u00e9GamEZ\"},\"image\":{\"@id\":\"https:\/\/ingegamez.isc-vs.ch\/#\/schema\/logo\/image\/\"},\"sameAs\":[\"https:\/\/www.instagram.com\/ingegamez\/\",\"https:\/\/chat.whatsapp.com\/C00MXZiPS6vIRJ9lZyJNXm\",\"https:\/\/discord.gg\/w8vhTMwgUW\"]}]}<\/script>\n<!-- \/ Yoast SEO plugin. -->","yoast_head_json":{"title":"Pixel Lan 2025 - Ing\u00e9GamEZ","description":"sion, hes, hei, ing\u00e9gamez, lan, week-end, tournoi jeux vid\u00e9os, octorbre, 25-26, d\u00e9but vacances, 50 participants","robots":{"index":"index","follow":"follow","max-snippet":"max-snippet:-1","max-image-preview":"max-image-preview:large","max-video-preview":"max-video-preview:-1"},"canonical":"https:\/\/ingegamez.isc-vs.ch\/index.php\/pixel-lan-2025\/","og_locale":"en_US","og_type":"article","og_title":"Pixel Lan 2025 - Ing\u00e9GamEZ","og_description":"sion, hes, hei, ing\u00e9gamez, lan, week-end, tournoi jeux vid\u00e9os, octorbre, 25-26, d\u00e9but vacances, 50 participants","og_url":"https:\/\/ingegamez.isc-vs.ch\/index.php\/pixel-lan-2025\/","og_site_name":"Ing\u00e9GamEZ","article_modified_time":"2025-12-09T14:35:38+00:00","og_image":[{"width":1536,"height":1024,"url":"https:\/\/ingegamez.isc-vs.ch\/wp-content\/uploads\/2025\/09\/Banniere_V4.jpg","type":"image\/jpeg"}],"twitter_card":"summary_large_image","twitter_misc":{"Est. reading time":"2 minutes"},"schema":{"@context":"https:\/\/schema.org","@graph":[{"@type":"WebPage","@id":"https:\/\/ingegamez.isc-vs.ch\/index.php\/pixel-lan-2025\/","url":"https:\/\/ingegamez.isc-vs.ch\/index.php\/pixel-lan-2025\/","name":"Pixel Lan 2025 - Ing\u00e9GamEZ","isPartOf":{"@id":"https:\/\/ingegamez.isc-vs.ch\/#website"},"primaryImageOfPage":{"@id":"https:\/\/ingegamez.isc-vs.ch\/index.php\/pixel-lan-2025\/#primaryimage"},"image":{"@id":"https:\/\/ingegamez.isc-vs.ch\/index.php\/pixel-lan-2025\/#primaryimage"},"thumbnailUrl":"https:\/\/ingegamez.isc-vs.ch\/wp-content\/uploads\/2025\/09\/Banniere_V4-1024x683.jpg","datePublished":"2025-09-18T16:30:00+00:00","dateModified":"2025-12-09T14:35:38+00:00","description":"sion, hes, hei, ing\u00e9gamez, lan, week-end, tournoi jeux vid\u00e9os, octorbre, 25-26, d\u00e9but vacances, 50 participants","breadcrumb":{"@id":"https:\/\/ingegamez.isc-vs.ch\/index.php\/pixel-lan-2025\/#breadcrumb"},"inLanguage":"en-US","potentialAction":[{"@type":"ReadAction","target":["https:\/\/ingegamez.isc-vs.ch\/index.php\/pixel-lan-2025\/"]}]},{"@type":"ImageObject","inLanguage":"en-US","@id":"https:\/\/ingegamez.isc-vs.ch\/index.php\/pixel-lan-2025\/#primaryimage","url":"https:\/\/ingegamez.isc-vs.ch\/wp-content\/uploads\/2025\/09\/Banniere_V4.jpg","contentUrl":"https:\/\/ingegamez.isc-vs.ch\/wp-content\/uploads\/2025\/09\/Banniere_V4.jpg","width":1536,"height":1024,"caption":"Banni\u00e8re annonce de la Pixel Lan"},{"@type":"BreadcrumbList","@id":"https:\/\/ingegamez.isc-vs.ch\/index.php\/pixel-lan-2025\/#breadcrumb","itemListElement":[{"@type":"ListItem","position":1,"name":"Home","item":"https:\/\/ingegamez.isc-vs.ch\/"},{"@type":"ListItem","position":2,"name":"Pixel Lan 2025"}]},{"@type":"WebSite","@id":"https:\/\/ingegamez.isc-vs.ch\/#website","url":"https:\/\/ingegamez.isc-vs.ch\/","name":"Ing\u00e9GamEZ","description":"","publisher":{"@id":"https:\/\/ingegamez.isc-vs.ch\/#organization"},"potentialAction":[{"@type":"SearchAction","target":{"@type":"EntryPoint","urlTemplate":"https:\/\/ingegamez.isc-vs.ch\/?s={search_term_string}"},"query-input":{"@type":"PropertyValueSpecification","valueRequired":true,"valueName":"search_term_string"}}],"inLanguage":"en-US"},{"@type":"Organization","@id":"https:\/\/ingegamez.isc-vs.ch\/#organization","name":"Ing\u00e9GamEZ","url":"https:\/\/ingegamez.isc-vs.ch\/","logo":{"@type":"ImageObject","inLanguage":"en-US","@id":"https:\/\/ingegamez.isc-vs.ch\/#\/schema\/logo\/image\/","url":"https:\/\/ingegamez.isc-vs.ch\/wp-content\/uploads\/2025\/02\/cropped-IngeDie-WithoutBorder.png","contentUrl":"https:\/\/ingegamez.isc-vs.ch\/wp-content\/uploads\/2025\/02\/cropped-IngeDie-WithoutBorder.png","width":512,"height":512,"caption":"Ing\u00e9GamEZ"},"image":{"@id":"https:\/\/ingegamez.isc-vs.ch\/#\/schema\/logo\/image\/"},"sameAs":["https:\/\/www.instagram.com\/ingegamez\/","https:\/\/chat.whatsapp.com\/C00MXZiPS6vIRJ9lZyJNXm","https:\/\/discord.gg\/w8vhTMwgUW"]}]}},"_links":{"self":[{"href":"https:\/\/ingegamez.isc-vs.ch\/index.php\/wp-json\/wp\/v2\/pages\/339","targetHints":{"allow":["GET"]}}],"collection":[{"href":"https:\/\/ingegamez.isc-vs.ch\/index.php\/wp-json\/wp\/v2\/pages"}],"about":[{"href":"https:\/\/ingegamez.isc-vs.ch\/index.php\/wp-json\/wp\/v2\/types\/page"}],"author":[{"embeddable":true,"href":"https:\/\/ingegamez.isc-vs.ch\/index.php\/wp-json\/wp\/v2\/users\/2"}],"replies":[{"embeddable":true,"href":"https:\/\/ingegamez.isc-vs.ch\/index.php\/wp-json\/wp\/v2\/comments?post=339"}],"version-history":[{"count":13,"href":"https:\/\/ingegamez.isc-vs.ch\/index.php\/wp-json\/wp\/v2\/pages\/339\/revisions"}],"predecessor-version":[{"id":518,"href":"https:\/\/ingegamez.isc-vs.ch\/index.php\/wp-json\/wp\/v2\/pages\/339\/revisions\/518"}],"wp:attachment":[{"href":"https:\/\/ingegamez.isc-vs.ch\/index.php\/wp-json\/wp\/v2\/media?parent=339"}],"curies":[{"name":"wp","href":"https:\/\/api.w.org\/{rel}","templated":true}]}}