{"id":509,"date":"2025-12-18T13:52:59","date_gmt":"2025-12-18T13:52:59","guid":{"rendered":"https:\/\/ingegamez.isc-vs.ch\/?page_id=509"},"modified":"2026-03-31T10:21:16","modified_gmt":"2026-03-31T10:21:16","slug":"pixel-jam-2026","status":"publish","type":"page","link":"https:\/\/ingegamez.isc-vs.ch\/index.php\/pixel-jam-2026\/","title":{"rendered":"Pixel Jam 2026"},"content":{"rendered":"\n<figure class=\"wp-block-image size-large\"><img loading=\"lazy\" decoding=\"async\" width=\"1024\" height=\"629\" src=\"https:\/\/ingegamez.isc-vs.ch\/wp-content\/uploads\/2025\/12\/pixel_jam_26_simple-1024x629.png\" alt=\"\" class=\"wp-image-531\" srcset=\"https:\/\/ingegamez.isc-vs.ch\/wp-content\/uploads\/2025\/12\/pixel_jam_26_simple-1024x629.png 1024w, https:\/\/ingegamez.isc-vs.ch\/wp-content\/uploads\/2025\/12\/pixel_jam_26_simple-300x184.png 300w, https:\/\/ingegamez.isc-vs.ch\/wp-content\/uploads\/2025\/12\/pixel_jam_26_simple-768x472.png 768w, https:\/\/ingegamez.isc-vs.ch\/wp-content\/uploads\/2025\/12\/pixel_jam_26_simple-1536x944.png 1536w, https:\/\/ingegamez.isc-vs.ch\/wp-content\/uploads\/2025\/12\/pixel_jam_26_simple-2048x1258.png 2048w\" sizes=\"auto, (max-width: 1024px) 100vw, 1024px\" \/><\/figure>\n\n\n\n<p class=\"has-text-align-left\">La \ud835\udd72\ud835\udd86\ud835\udd92\ud835\udd8a \ud835\udd75\ud835\udd86\ud835\udd92 se tiendra du 21 mars au 22 mars 2026. Le nombre de participants est limit\u00e9 \u00e0 32 personnes. Le moteur graphique utilis\u00e9 est Godot Engine.<\/p>\n\n\n\n<p>Nombre de personne par \u00e9quipe : 2 \u00e0 4<\/p>\n\n\n\n<p>Le th\u00e8me de cette ann\u00e9e \u00e9tait: <strong>Let Their Be Chaos<\/strong> ! 2 contraintes ont \u00e9galement \u00e9taient rajout\u00e9s:<\/p>\n\n\n\n<ul class=\"wp-block-list\">\n<li>Utilis\u00e9 que les 5 couleurs de la fili\u00e8re ISC + noir et blanc<\/li>\n\n\n\n<li>Utilis\u00e9 minimum 30 touches du clavier<\/li>\n<\/ul>\n\n\n\n<p>Si vous souhaitez voir les r\u00e9sultats, voici les liens des repos (vous aurez besoin de Godot pour les tester).<\/p>\n\n\n\n<p>Les projets sont disponibles :<\/p>\n\n\n\n<ul class=\"wp-block-list\">\n<li><a href=\"https:\/\/github.com\/SantaHey\/pixel-jam-2026\">https:\/\/github.com\/SantaHey\/pixel-jam-2026<\/a> + <a href=\"https:\/\/santahey.itch.io\/mash-mash-mash\">https:\/\/santahey.itch.io\/mash-mash-mash<\/a> (web version)<\/li>\n\n\n\n<li><a href=\"https:\/\/github.com\/zcBruAll\/K.O.S\">https:\/\/github.com\/zcBruAll\/K.O.S<\/a>.<\/li>\n\n\n\n<li><a href=\"https:\/\/github.com\/Nerolans\/typense\">https:\/\/github.com\/Nerolans\/typense<\/a><\/li>\n\n\n\n<li><a href=\"https:\/\/github.com\/LordBaryhobal\/Pixel-Jam-2026\">https:\/\/github.com\/LordBaryhobal\/Pixel-Jam-2026<\/a><\/li>\n\n\n\n<li><a href=\"https:\/\/github.com\/mariethoz\/PixelJam2026\">https:\/\/github.com\/mariethoz\/PixelJam2026<\/a><\/li>\n<\/ul>\n\n\n\n<p class=\"has-text-align-center has-large-font-size\"><strong>D\u00e9roulement<\/strong><\/p>\n\n\n\n<p>(Planning non-d\u00e9finitif)<\/p>\n\n\n\n<p>Le 21 mars :<\/p>\n\n\n\n<ul class=\"wp-block-list\">\n<li>8-9h : Accueil avec un ptit-d\u00e9j (offert)<\/li>\n\n\n\n<li>9h-9h30 : Pr\u00e9sentation du th\u00e8me + D\u00e9but du d\u00e9veloppement<\/li>\n\n\n\n<li>20h : Soir\u00e9e pizzas (offert)<\/li>\n<\/ul>\n\n\n\n<p>Le 22 mars :<\/p>\n\n\n\n<ul class=\"wp-block-list\">\n<li>9h : Ptit-d\u00e9j(offert)<\/li>\n\n\n\n<li>12h-12h30 : sandwich (plus d&#8217;infos sur le formulaire) <\/li>\n\n\n\n<li>18h : Pr\u00e9sentation des jeux<\/li>\n<\/ul>\n\n\n\n<p>Mis \u00e0 disposition : <\/p>\n\n\n\n<ul class=\"wp-block-list\">\n<li>Salle de programmation <\/li>\n\n\n\n<li>Salle de repos<\/li>\n\n\n\n<li>Salle de classes (enregistrement sonore ou autre, mat\u00e9riel non fourni)<\/li>\n<\/ul>\n\n\n\n<p>\/!\\ Les sacs de couchages ne sont pas fourni !<\/p>\n\n\n\n<p>Nos r\u00e9seaux, si tu veux plus d&#8217;informations : <\/p>\n\n\n\n<div class=\"wp-block-buttons is-content-justification-center is-layout-flex wp-container-core-buttons-is-layout-a89b3969 wp-block-buttons-is-layout-flex\">\n<div class=\"wp-block-button\"><a class=\"wp-block-button__link wp-element-button\" href=\"https:\/\/discord.gg\/NakSqWHGTQ\" style=\"padding-right:1.85rem;padding-left:1.85rem\" target=\"_blank\" rel=\"noreferrer noopener\">Discord<\/a><\/div>\n\n\n\n<div class=\"wp-block-button\"><a class=\"wp-block-button__link wp-element-button\" href=\"https:\/\/chat.whatsapp.com\/C00MXZiPS6vIRJ9lZyJNXm\" style=\"border-style:none;border-width:0px\" target=\"_blank\" rel=\"noreferrer noopener\">Whatsapp<\/a><\/div>\n\n\n\n<div class=\"wp-block-button\"><a class=\"wp-block-button__link wp-element-button\" href=\"https:\/\/www.instagram.com\/ingegamez\/\" target=\"_blank\" rel=\"noreferrer noopener\">Instagram<\/a><\/div>\n<\/div>\n\n\n\n<p>Tu peux aussi nous envoyer un mail \u00e0 l&#8217;adresse suivante :<\/p>\n\n\n\n<p class=\"has-text-align-center has-secondary-color has-text-color has-link-color wp-elements-71349b47af73c1b084bcea2add2a62c7\"><a href=\"mailto:ingegamezvs@gmail.com\">ingegamez@hevs.com<\/a><\/p>\n\n\n\n<p class=\"has-text-align-center has-large-font-size\"><strong>Galerie<\/strong><\/p>\n\n\n\n<p>Les images de l&#8217;\u00e9v\u00e9nement sont disponible dans notre galerie!<\/p>\n","protected":false},"excerpt":{"rendered":"<p>La \ud835\udd72\ud835\udd86\ud835\udd92\ud835\udd8a \ud835\udd75\ud835\udd86\ud835\udd92 se tiendra du 21 mars au 22 mars 2026. Le nombre de participants est limit\u00e9 \u00e0 32 personnes. Le moteur graphique utilis\u00e9 est Godot Engine. Nombre de personne par \u00e9quipe : 2 \u00e0 4 Le th\u00e8me de cette ann\u00e9e \u00e9tait: Let Their Be Chaos ! 2 contraintes ont \u00e9galement \u00e9taient rajout\u00e9s: Si&#8230;<\/p>\n","protected":false},"author":2,"featured_media":0,"parent":0,"menu_order":0,"comment_status":"closed","ping_status":"closed","template":"","meta":{"_acf_changed":false,"footnotes":""},"class_list":["post-509","page","type-page","status-publish","hentry"],"acf":[],"yoast_head":"<!-- This site is optimized with the Yoast SEO plugin v27.2 - https:\/\/yoast.com\/product\/yoast-seo-wordpress\/ -->\n<title>Pixel Jam 2026 - Ing\u00e9GamEZ<\/title>\n<meta name=\"description\" content=\"Sion, Game Jam, Godot, marathon cr\u00e9ation jeux vid\u00e9o, 21-22 mars 2026, HES, HEI, ISC, Ing\u00e9GamEZ, t-shirt, La Ruche\" \/>\n<meta name=\"robots\" content=\"index, follow, max-snippet:-1, max-image-preview:large, max-video-preview:-1\" \/>\n<link rel=\"canonical\" href=\"https:\/\/ingegamez.isc-vs.ch\/index.php\/pixel-jam-2026\/\" \/>\n<meta property=\"og:locale\" content=\"en_US\" \/>\n<meta property=\"og:type\" content=\"article\" \/>\n<meta property=\"og:title\" content=\"Pixel Jam 2026 - Ing\u00e9GamEZ\" \/>\n<meta property=\"og:description\" content=\"Sion, Game Jam, Godot, marathon cr\u00e9ation jeux vid\u00e9o, 21-22 mars 2026, HES, HEI, ISC, Ing\u00e9GamEZ, t-shirt, La Ruche\" \/>\n<meta property=\"og:url\" content=\"https:\/\/ingegamez.isc-vs.ch\/index.php\/pixel-jam-2026\/\" \/>\n<meta property=\"og:site_name\" content=\"Ing\u00e9GamEZ\" \/>\n<meta property=\"article:modified_time\" content=\"2026-03-31T10:21:16+00:00\" \/>\n<meta property=\"og:image\" content=\"https:\/\/ingegamez.isc-vs.ch\/wp-content\/uploads\/2025\/12\/pixel_jam_26_simple-1024x629.png\" \/>\n\t<meta property=\"og:image:width\" content=\"1024\" \/>\n\t<meta property=\"og:image:height\" content=\"629\" \/>\n\t<meta property=\"og:image:type\" content=\"image\/png\" \/>\n<meta name=\"twitter:card\" content=\"summary_large_image\" \/>\n<meta name=\"twitter:label1\" content=\"Est. reading time\" \/>\n\t<meta name=\"twitter:data1\" content=\"2 minutes\" \/>\n<script type=\"application\/ld+json\" class=\"yoast-schema-graph\">{\"@context\":\"https:\/\/schema.org\",\"@graph\":[{\"@type\":\"WebPage\",\"@id\":\"https:\/\/ingegamez.isc-vs.ch\/index.php\/pixel-jam-2026\/\",\"url\":\"https:\/\/ingegamez.isc-vs.ch\/index.php\/pixel-jam-2026\/\",\"name\":\"Pixel Jam 2026 - Ing\u00e9GamEZ\",\"isPartOf\":{\"@id\":\"https:\/\/ingegamez.isc-vs.ch\/#website\"},\"primaryImageOfPage\":{\"@id\":\"https:\/\/ingegamez.isc-vs.ch\/index.php\/pixel-jam-2026\/#primaryimage\"},\"image\":{\"@id\":\"https:\/\/ingegamez.isc-vs.ch\/index.php\/pixel-jam-2026\/#primaryimage\"},\"thumbnailUrl\":\"https:\/\/ingegamez.isc-vs.ch\/wp-content\/uploads\/2025\/12\/pixel_jam_26_simple-1024x629.png\",\"datePublished\":\"2025-12-18T13:52:59+00:00\",\"dateModified\":\"2026-03-31T10:21:16+00:00\",\"description\":\"Sion, Game Jam, Godot, marathon cr\u00e9ation jeux vid\u00e9o, 21-22 mars 2026, HES, HEI, ISC, Ing\u00e9GamEZ, t-shirt, La Ruche\",\"breadcrumb\":{\"@id\":\"https:\/\/ingegamez.isc-vs.ch\/index.php\/pixel-jam-2026\/#breadcrumb\"},\"inLanguage\":\"en-US\",\"potentialAction\":[{\"@type\":\"ReadAction\",\"target\":[\"https:\/\/ingegamez.isc-vs.ch\/index.php\/pixel-jam-2026\/\"]}]},{\"@type\":\"ImageObject\",\"inLanguage\":\"en-US\",\"@id\":\"https:\/\/ingegamez.isc-vs.ch\/index.php\/pixel-jam-2026\/#primaryimage\",\"url\":\"https:\/\/ingegamez.isc-vs.ch\/wp-content\/uploads\/2025\/12\/pixel_jam_26_simple-scaled.png\",\"contentUrl\":\"https:\/\/ingegamez.isc-vs.ch\/wp-content\/uploads\/2025\/12\/pixel_jam_26_simple-scaled.png\",\"width\":2560,\"height\":1573},{\"@type\":\"BreadcrumbList\",\"@id\":\"https:\/\/ingegamez.isc-vs.ch\/index.php\/pixel-jam-2026\/#breadcrumb\",\"itemListElement\":[{\"@type\":\"ListItem\",\"position\":1,\"name\":\"Home\",\"item\":\"https:\/\/ingegamez.isc-vs.ch\/\"},{\"@type\":\"ListItem\",\"position\":2,\"name\":\"Pixel Jam 2026\"}]},{\"@type\":\"WebSite\",\"@id\":\"https:\/\/ingegamez.isc-vs.ch\/#website\",\"url\":\"https:\/\/ingegamez.isc-vs.ch\/\",\"name\":\"Ing\u00e9GamEZ\",\"description\":\"\",\"publisher\":{\"@id\":\"https:\/\/ingegamez.isc-vs.ch\/#organization\"},\"potentialAction\":[{\"@type\":\"SearchAction\",\"target\":{\"@type\":\"EntryPoint\",\"urlTemplate\":\"https:\/\/ingegamez.isc-vs.ch\/?s={search_term_string}\"},\"query-input\":{\"@type\":\"PropertyValueSpecification\",\"valueRequired\":true,\"valueName\":\"search_term_string\"}}],\"inLanguage\":\"en-US\"},{\"@type\":\"Organization\",\"@id\":\"https:\/\/ingegamez.isc-vs.ch\/#organization\",\"name\":\"Ing\u00e9GamEZ\",\"url\":\"https:\/\/ingegamez.isc-vs.ch\/\",\"logo\":{\"@type\":\"ImageObject\",\"inLanguage\":\"en-US\",\"@id\":\"https:\/\/ingegamez.isc-vs.ch\/#\/schema\/logo\/image\/\",\"url\":\"https:\/\/ingegamez.isc-vs.ch\/wp-content\/uploads\/2025\/02\/cropped-IngeDie-WithoutBorder.png\",\"contentUrl\":\"https:\/\/ingegamez.isc-vs.ch\/wp-content\/uploads\/2025\/02\/cropped-IngeDie-WithoutBorder.png\",\"width\":512,\"height\":512,\"caption\":\"Ing\u00e9GamEZ\"},\"image\":{\"@id\":\"https:\/\/ingegamez.isc-vs.ch\/#\/schema\/logo\/image\/\"},\"sameAs\":[\"https:\/\/www.instagram.com\/ingegamez\/\",\"https:\/\/chat.whatsapp.com\/C00MXZiPS6vIRJ9lZyJNXm\",\"https:\/\/discord.gg\/w8vhTMwgUW\"]}]}<\/script>\n<!-- \/ Yoast SEO plugin. -->","yoast_head_json":{"title":"Pixel Jam 2026 - Ing\u00e9GamEZ","description":"Sion, Game Jam, Godot, marathon cr\u00e9ation jeux vid\u00e9o, 21-22 mars 2026, HES, HEI, ISC, Ing\u00e9GamEZ, t-shirt, La Ruche","robots":{"index":"index","follow":"follow","max-snippet":"max-snippet:-1","max-image-preview":"max-image-preview:large","max-video-preview":"max-video-preview:-1"},"canonical":"https:\/\/ingegamez.isc-vs.ch\/index.php\/pixel-jam-2026\/","og_locale":"en_US","og_type":"article","og_title":"Pixel Jam 2026 - Ing\u00e9GamEZ","og_description":"Sion, Game Jam, Godot, marathon cr\u00e9ation jeux vid\u00e9o, 21-22 mars 2026, HES, HEI, ISC, Ing\u00e9GamEZ, t-shirt, La Ruche","og_url":"https:\/\/ingegamez.isc-vs.ch\/index.php\/pixel-jam-2026\/","og_site_name":"Ing\u00e9GamEZ","article_modified_time":"2026-03-31T10:21:16+00:00","og_image":[{"width":1024,"height":629,"url":"https:\/\/ingegamez.isc-vs.ch\/wp-content\/uploads\/2025\/12\/pixel_jam_26_simple-1024x629.png","type":"image\/png"}],"twitter_card":"summary_large_image","twitter_misc":{"Est. reading time":"2 minutes"},"schema":{"@context":"https:\/\/schema.org","@graph":[{"@type":"WebPage","@id":"https:\/\/ingegamez.isc-vs.ch\/index.php\/pixel-jam-2026\/","url":"https:\/\/ingegamez.isc-vs.ch\/index.php\/pixel-jam-2026\/","name":"Pixel Jam 2026 - Ing\u00e9GamEZ","isPartOf":{"@id":"https:\/\/ingegamez.isc-vs.ch\/#website"},"primaryImageOfPage":{"@id":"https:\/\/ingegamez.isc-vs.ch\/index.php\/pixel-jam-2026\/#primaryimage"},"image":{"@id":"https:\/\/ingegamez.isc-vs.ch\/index.php\/pixel-jam-2026\/#primaryimage"},"thumbnailUrl":"https:\/\/ingegamez.isc-vs.ch\/wp-content\/uploads\/2025\/12\/pixel_jam_26_simple-1024x629.png","datePublished":"2025-12-18T13:52:59+00:00","dateModified":"2026-03-31T10:21:16+00:00","description":"Sion, Game Jam, Godot, marathon cr\u00e9ation jeux vid\u00e9o, 21-22 mars 2026, HES, HEI, ISC, Ing\u00e9GamEZ, t-shirt, La Ruche","breadcrumb":{"@id":"https:\/\/ingegamez.isc-vs.ch\/index.php\/pixel-jam-2026\/#breadcrumb"},"inLanguage":"en-US","potentialAction":[{"@type":"ReadAction","target":["https:\/\/ingegamez.isc-vs.ch\/index.php\/pixel-jam-2026\/"]}]},{"@type":"ImageObject","inLanguage":"en-US","@id":"https:\/\/ingegamez.isc-vs.ch\/index.php\/pixel-jam-2026\/#primaryimage","url":"https:\/\/ingegamez.isc-vs.ch\/wp-content\/uploads\/2025\/12\/pixel_jam_26_simple-scaled.png","contentUrl":"https:\/\/ingegamez.isc-vs.ch\/wp-content\/uploads\/2025\/12\/pixel_jam_26_simple-scaled.png","width":2560,"height":1573},{"@type":"BreadcrumbList","@id":"https:\/\/ingegamez.isc-vs.ch\/index.php\/pixel-jam-2026\/#breadcrumb","itemListElement":[{"@type":"ListItem","position":1,"name":"Home","item":"https:\/\/ingegamez.isc-vs.ch\/"},{"@type":"ListItem","position":2,"name":"Pixel Jam 2026"}]},{"@type":"WebSite","@id":"https:\/\/ingegamez.isc-vs.ch\/#website","url":"https:\/\/ingegamez.isc-vs.ch\/","name":"Ing\u00e9GamEZ","description":"","publisher":{"@id":"https:\/\/ingegamez.isc-vs.ch\/#organization"},"potentialAction":[{"@type":"SearchAction","target":{"@type":"EntryPoint","urlTemplate":"https:\/\/ingegamez.isc-vs.ch\/?s={search_term_string}"},"query-input":{"@type":"PropertyValueSpecification","valueRequired":true,"valueName":"search_term_string"}}],"inLanguage":"en-US"},{"@type":"Organization","@id":"https:\/\/ingegamez.isc-vs.ch\/#organization","name":"Ing\u00e9GamEZ","url":"https:\/\/ingegamez.isc-vs.ch\/","logo":{"@type":"ImageObject","inLanguage":"en-US","@id":"https:\/\/ingegamez.isc-vs.ch\/#\/schema\/logo\/image\/","url":"https:\/\/ingegamez.isc-vs.ch\/wp-content\/uploads\/2025\/02\/cropped-IngeDie-WithoutBorder.png","contentUrl":"https:\/\/ingegamez.isc-vs.ch\/wp-content\/uploads\/2025\/02\/cropped-IngeDie-WithoutBorder.png","width":512,"height":512,"caption":"Ing\u00e9GamEZ"},"image":{"@id":"https:\/\/ingegamez.isc-vs.ch\/#\/schema\/logo\/image\/"},"sameAs":["https:\/\/www.instagram.com\/ingegamez\/","https:\/\/chat.whatsapp.com\/C00MXZiPS6vIRJ9lZyJNXm","https:\/\/discord.gg\/w8vhTMwgUW"]}]}},"_links":{"self":[{"href":"https:\/\/ingegamez.isc-vs.ch\/index.php\/wp-json\/wp\/v2\/pages\/509","targetHints":{"allow":["GET"]}}],"collection":[{"href":"https:\/\/ingegamez.isc-vs.ch\/index.php\/wp-json\/wp\/v2\/pages"}],"about":[{"href":"https:\/\/ingegamez.isc-vs.ch\/index.php\/wp-json\/wp\/v2\/types\/page"}],"author":[{"embeddable":true,"href":"https:\/\/ingegamez.isc-vs.ch\/index.php\/wp-json\/wp\/v2\/users\/2"}],"replies":[{"embeddable":true,"href":"https:\/\/ingegamez.isc-vs.ch\/index.php\/wp-json\/wp\/v2\/comments?post=509"}],"version-history":[{"count":6,"href":"https:\/\/ingegamez.isc-vs.ch\/index.php\/wp-json\/wp\/v2\/pages\/509\/revisions"}],"predecessor-version":[{"id":632,"href":"https:\/\/ingegamez.isc-vs.ch\/index.php\/wp-json\/wp\/v2\/pages\/509\/revisions\/632"}],"wp:attachment":[{"href":"https:\/\/ingegamez.isc-vs.ch\/index.php\/wp-json\/wp\/v2\/media?parent=509"}],"curies":[{"name":"wp","href":"https:\/\/api.w.org\/{rel}","templated":true}]}}